{"id":2,"date":"2022-03-18T08:40:39","date_gmt":"2022-03-18T11:40:39","guid":{"rendered":"https:\/\/acervosonline.ufpa.br\/?page_id=2"},"modified":"2024-08-21T08:33:51","modified_gmt":"2024-08-21T11:33:51","slug":"pagina-exemplo","status":"publish","type":"page","link":"https:\/\/acervosonline.ufpa.br\/","title":{"rendered":"Bem-vindo \u00e0 Reserva T\u00e9cnica do Curso de Museologia da UFPA!"},"content":{"rendered":"\n<div class=\"wp-block-media-text alignwide has-media-on-the-right is-stacked-on-mobile has-lightgray-background-color has-background\" style=\"grid-template-columns:auto 34%\"><div class=\"wp-block-media-text__content\">\n<p>Neste espa\u00e7o, convidamos voc\u00ea a explorar e descobrir as riquezas das cole\u00e7\u00f5es que comp\u00f5em nossa reserva t\u00e9cnica. Aqui, preservamos e estudamos cuidadosamente tr\u00eas cole\u00e7\u00f5es distintas, cada uma representando uma \u00e1rea \u00fanica de conhecimento e express\u00e3o.<\/p>\n\n\n\n<p>A Cole\u00e7\u00e3o de Patrim\u00f4nio Natural \u00e9 um tesouro de esp\u00e9cimes que capturam a riqueza da biodiversidade amaz\u00f4nica. De f\u00f3sseis a peixes, essa cole\u00e7\u00e3o oferece uma vis\u00e3o fascinante e detalhada do mundo natural da regi\u00e3o amaz\u00f4nica.<\/p>\n\n\n\n<p>A Cole\u00e7\u00e3o Amazoniana de Moda \u00e9 um mergulho no universo da moda, onde pe\u00e7as de vestu\u00e1rio, acess\u00f3rios e documentos contam hist\u00f3rias de estilo e identidade. Desde trajes tradicionais at\u00e9 cria\u00e7\u00f5es contempor\u00e2neas, essa cole\u00e7\u00e3o celebra a diversidade e a criatividade do vestu\u00e1rio amaz\u00f4nico.<\/p>\n\n\n\n<p><\/p>\n<\/div><figure class=\"wp-block-media-text__media\"><img loading=\"lazy\" decoding=\"async\" width=\"1024\" height=\"576\" src=\"https:\/\/acervosonline.ufpa.br\/wp-content\/uploads\/2022\/10\/20220808_103341-1-1024x576.jpg\" alt=\"\" class=\"wp-image-4582 size-full\" srcset=\"https:\/\/acervosonline.ufpa.br\/wp-content\/uploads\/2022\/10\/20220808_103341-1-1024x576.jpg 1024w, https:\/\/acervosonline.ufpa.br\/wp-content\/uploads\/2022\/10\/20220808_103341-1-300x169.jpg 300w, https:\/\/acervosonline.ufpa.br\/wp-content\/uploads\/2022\/10\/20220808_103341-1-768x432.jpg 768w, https:\/\/acervosonline.ufpa.br\/wp-content\/uploads\/2022\/10\/20220808_103341-1-1536x864.jpg 1536w, https:\/\/acervosonline.ufpa.br\/wp-content\/uploads\/2022\/10\/20220808_103341-1-2048x1152.jpg 2048w, https:\/\/acervosonline.ufpa.br\/wp-content\/uploads\/2022\/10\/20220808_103341-1-205x115.jpg 205w, https:\/\/acervosonline.ufpa.br\/wp-content\/uploads\/2022\/10\/20220808_103341-1-480x270.jpg 480w\" sizes=\"(max-width: 1024px) 100vw, 1024px\" \/><\/figure><\/div>\n\n\n\n<div class=\"wp-block-media-text alignwide is-stacked-on-mobile has-lightgray-background-color has-background\"><figure class=\"wp-block-media-text__media\"><img loading=\"lazy\" decoding=\"async\" width=\"548\" height=\"390\" src=\"https:\/\/acervosonline.ufpa.br\/wp-content\/uploads\/2022\/10\/Untitled.png\" alt=\"\" class=\"wp-image-4525 size-full\" srcset=\"https:\/\/acervosonline.ufpa.br\/wp-content\/uploads\/2022\/10\/Untitled.png 548w, https:\/\/acervosonline.ufpa.br\/wp-content\/uploads\/2022\/10\/Untitled-300x214.png 300w, https:\/\/acervosonline.ufpa.br\/wp-content\/uploads\/2022\/10\/Untitled-205x146.png 205w, https:\/\/acervosonline.ufpa.br\/wp-content\/uploads\/2022\/10\/Untitled-480x342.png 480w\" sizes=\"(max-width: 548px) 100vw, 548px\" \/><\/figure><div class=\"wp-block-media-text__content\">\n<p>A Cole\u00e7\u00e3o Did\u00e1tica fundamental para o curso de Museologia, com uma variedade de materiais e recursos utilizados para a capacita\u00e7\u00e3o dos futuros muse\u00f3logos, usados nas disciplinas de Documenta\u00e7\u00e3o e Conserva\u00e7\u00e3o.<\/p>\n\n\n\n<p>Por fim, a Cole\u00e7\u00e3o de Arte da FAV (Faculdade de Artes Visuais) nos leva a uma jornada pelas express\u00f5es art\u00edsticas. Pinturas, esculturas e obras de arte diversas revelam o talento de artistas locais e nacionais, oferecendo uma experi\u00eancia est\u00e9tica enriquecedora.<\/p>\n\n\n\n<p><\/p>\n\n\n\n<p><\/p>\n<\/div><\/div>\n\n\n\n<p>Convidamos voc\u00ea a explorar cada cole\u00e7\u00e3o, a aprender sobre suas hist\u00f3rias e significados, e a apreciar a diversidade cultural, natural e art\u00edstica presente em nossa Reserva T\u00e9cnica. Atrav\u00e9s de nossa dedica\u00e7\u00e3o \u00e0 preserva\u00e7\u00e3o e pesquisa, buscamos compartilhar o conhecimento e promover uma maior compreens\u00e3o das riquezas que a UFPA tem a oferecer.<\/p>\n\n\n\n<p>Desfrute da jornada e descubra os tesouros ocultos em nossa Reserva T\u00e9cnica do Curso de Museologia!<\/p>\n\n\n\n<blockquote class=\"wp-block-quote has-text-align-center is-layout-flow wp-block-quote-is-layout-flow\">\n<p><strong><em>\u201cS\u00f3 se preserva aquilo se ama, s\u00f3 se ama aquilo que se conhece\u201d.<\/em><\/strong><em>&nbsp;Alo\u00edsio Magalh\u00e3es<\/em><\/p>\n<\/blockquote>\n\n\n\n<h2 class=\"wp-block-heading\">Nossos Acervos<\/h2>\n\n\n\n<div class=\"wp-block-tainacan-collections-list\" data-module=\"collections-list\"><ul style=\"grid-template-columns:repeat(auto-fill, 220px)\" class=\"collections-list  collections-layout-grid\"><li class=\"collection-list-item\" style=\"margin-bottom:12px\"><button type=\"button\" class=\"components-button has-icon\" aria-label=\"Remover\"><span class=\"dashicon dashicons dashicons-no-alt\"><\/span><\/button><a id=\"collection-id-105\" href=\"https:\/\/acervosonline.ufpa.br\/index.php\/historia-natural\/\" class=\" \"><img decoding=\"async\" src=\"https:\/\/acervosonline.ufpa.br\/wp-content\/uploads\/2022\/05\/cropped-paleonto-275x275.jpg\" alt=\"Cole\u00e7\u00e3o de Patrim\u00f4nio Natural - Paleontologia\"\/><span>Cole\u00e7\u00e3o de Patrim\u00f4nio Natural &#8211; Paleontologia<\/span><\/a><\/li><li class=\"collection-list-item\" style=\"margin-bottom:12px\"><button type=\"button\" class=\"components-button has-icon\" aria-label=\"Remover\"><span class=\"dashicon dashicons dashicons-no-alt\"><\/span><\/button><a id=\"collection-id-23798\" href=\"https:\/\/acervosonline.ufpa.br\/index.php\/chn-zoologia\/\" class=\" \"><img decoding=\"async\" src=\"https:\/\/acervosonline.ufpa.br\/wp-content\/uploads\/2024\/02\/cropped-MZ_Acervo_Peixe_388-18_Foto-Cecilia-Bastos-18-1-275x275.jpg\" alt=\"Cole\u00e7\u00e3o de Patrim\u00f4nio Natural - Zoologia\"\/><span>Cole\u00e7\u00e3o de Patrim\u00f4nio Natural &#8211; Zoologia<\/span><\/a><\/li><\/ul><\/div>\n\n\n\n<div class=\"wp-block-group alignfull has-text-color has-background is-layout-flow wp-block-group-is-layout-flow\" style=\"color:#000000;background-color:#ffffff\">\n<div style=\"height:64px\" aria-hidden=\"true\" class=\"wp-block-spacer\"><\/div>\n\n\n\n<p class=\"has-text-align-center has-x-large-font-size\" style=\"line-height:.9\"><strong>Se interessou por uma de nossas cole\u00e7\u00f5es?<\/strong><\/p>\n\n\n\n<h1 class=\"wp-block-heading has-text-align-center has-medium-font-size\" id=\"schedule-a-visit\" style=\"line-height:1.15\"><strong>Marque uma visita!<\/strong><\/h1>\n\n\n\n<p class=\"has-text-align-center has-x-large-font-size\">cursodemuseologia@ufpa.br<\/p>\n\n\n\n<div style=\"height:64px\" aria-hidden=\"true\" class=\"wp-block-spacer\"><\/div>\n<\/div>\n","protected":false},"excerpt":{"rendered":"<p>Neste espa\u00e7o, convidamos voc\u00ea a explorar e descobrir as riquezas das cole\u00e7\u00f5es que comp\u00f5em nossa reserva t\u00e9cnica. Aqui, preservamos e estudamos cuidadosamente tr\u00eas cole\u00e7\u00f5es distintas, cada uma representando uma \u00e1rea \u00fanica de conhecimento e express\u00e3o. A Cole\u00e7\u00e3o de Patrim\u00f4nio Natural \u00e9 um tesouro de esp\u00e9cimes que capturam a riqueza da biodiversidade amaz\u00f4nica. De f\u00f3sseis a [&hellip;]<\/p>\n","protected":false},"author":1,"featured_media":0,"parent":0,"menu_order":0,"comment_status":"closed","ping_status":"open","template":"","meta":{"footnotes":""},"class_list":["post-2","page","type-page","status-publish","hentry"],"_links":{"self":[{"href":"https:\/\/acervosonline.ufpa.br\/index.php\/wp-json\/wp\/v2\/pages\/2"}],"collection":[{"href":"https:\/\/acervosonline.ufpa.br\/index.php\/wp-json\/wp\/v2\/pages"}],"about":[{"href":"https:\/\/acervosonline.ufpa.br\/index.php\/wp-json\/wp\/v2\/types\/page"}],"author":[{"embeddable":true,"href":"https:\/\/acervosonline.ufpa.br\/index.php\/wp-json\/wp\/v2\/users\/1"}],"replies":[{"embeddable":true,"href":"https:\/\/acervosonline.ufpa.br\/index.php\/wp-json\/wp\/v2\/comments?post=2"}],"version-history":[{"count":36,"href":"https:\/\/acervosonline.ufpa.br\/index.php\/wp-json\/wp\/v2\/pages\/2\/revisions"}],"predecessor-version":[{"id":25106,"href":"https:\/\/acervosonline.ufpa.br\/index.php\/wp-json\/wp\/v2\/pages\/2\/revisions\/25106"}],"wp:attachment":[{"href":"https:\/\/acervosonline.ufpa.br\/index.php\/wp-json\/wp\/v2\/media?parent=2"}],"curies":[{"name":"wp","href":"https:\/\/api.w.org\/{rel}","templated":true}]}}