{"id":4489,"date":"2022-10-21T22:01:40","date_gmt":"2022-10-22T01:01:40","guid":{"rendered":"https:\/\/acervosonline.ufpa.br\/?page_id=4489"},"modified":"2024-02-05T21:53:13","modified_gmt":"2024-02-06T00:53:13","slug":"colecao-historia-natural","status":"publish","type":"page","link":"https:\/\/acervosonline.ufpa.br\/index.php\/colecao-historia-natural\/","title":{"rendered":"Cole\u00e7\u00e3o de Patrim\u00f4nio Natural &#8211; UFPA"},"content":{"rendered":"\n<figure class=\"wp-block-gallery has-nested-images columns-default is-cropped wp-block-gallery-1 is-layout-flex wp-block-gallery-is-layout-flex\">\n<figure class=\"wp-block-image size-tainacan-medium\"><img loading=\"lazy\" decoding=\"async\" width=\"275\" height=\"275\" data-id=\"4524\" src=\"https:\/\/acervosonline.ufpa.br\/wp-content\/uploads\/2022\/10\/20220406_153618-275x275.jpg\" alt=\"\" class=\"wp-image-4524\" srcset=\"https:\/\/acervosonline.ufpa.br\/wp-content\/uploads\/2022\/10\/20220406_153618-275x275.jpg 275w, https:\/\/acervosonline.ufpa.br\/wp-content\/uploads\/2022\/10\/20220406_153618-150x150.jpg 150w, https:\/\/acervosonline.ufpa.br\/wp-content\/uploads\/2022\/10\/20220406_153618-40x40.jpg 40w\" sizes=\"(max-width: 275px) 100vw, 275px\" \/><\/figure>\n\n\n\n<figure class=\"wp-block-image size-tainacan-medium\"><img loading=\"lazy\" decoding=\"async\" width=\"275\" height=\"275\" data-id=\"4525\" src=\"https:\/\/acervosonline.ufpa.br\/wp-content\/uploads\/2022\/10\/Untitled-275x275.png\" alt=\"\" class=\"wp-image-4525\" srcset=\"https:\/\/acervosonline.ufpa.br\/wp-content\/uploads\/2022\/10\/Untitled-275x275.png 275w, https:\/\/acervosonline.ufpa.br\/wp-content\/uploads\/2022\/10\/Untitled-150x150.png 150w, https:\/\/acervosonline.ufpa.br\/wp-content\/uploads\/2022\/10\/Untitled-40x40.png 40w\" sizes=\"(max-width: 275px) 100vw, 275px\" \/><\/figure>\n<\/figure>\n\n\n\n<p class=\"has-text-align-center\">A conserva\u00e7\u00e3o e divulga\u00e7\u00e3o do patrim\u00f4nio paleontol\u00f3gico s\u00e3o imprescind\u00edveis, uma vez que possibilitam a reconstru\u00e7\u00e3o do passado e reconhecimento da mem\u00f3ria geol\u00f3gica local. Com base nisso, este estudo buscou descrever e compreender o processo de curadoria pelo qual o acervo da Cole\u00e7\u00e3o de Patrim\u00f4nio Natural da Reserva T\u00e9cnica de Museologia da Universidade Federal do Par\u00e1 \u00e9 submetido, sobretudo os moluscos f\u00f3sseis. Estes organismos fossilizados s\u00e3o resgatados de uma mineradora no munic\u00edpio de Primavera\/PA. O material passa por limpeza, documenta\u00e7\u00e3o, fotografias, acondicionamento em embalagens de polietileno, al\u00e9m de que uma exposi\u00e7\u00e3o itinerante est\u00e1 sendo montada. Entretanto, algumas adequa\u00e7\u00f5es ainda precisam ser feitas no processo de curadoria, visando melhorar as informa\u00e7\u00f5es dispon\u00edveis sobre os moluscos f\u00f3sseis, assegurando a transmiss\u00e3o dessas para as gera\u00e7\u00f5es atuais e futuras.<\/p>\n\n\n\n<h2 class=\"wp-block-heading\">Nossos Bens Cient\u00edficos<\/h2>\n\n\n\n<div class=\"wp-block-tainacan-carousel-items-list\" data-module=\"carousel-items-list\" search-url=\"\" selected-items=\"[&quot;494&quot;,&quot;879&quot;,&quot;1056&quot;,&quot;1255&quot;,&quot;1303&quot;,&quot;1366&quot;,&quot;1455&quot;,&quot;1528&quot;,&quot;1607&quot;,&quot;1729&quot;,&quot;1792&quot;,&quot;1841&quot;]\" arrows-position=\"around\" load-strategy=\"selection\" collection-id=\"105\" auto-play=\"false\" auto-play-speed=\"3\" loop-slides=\"false\" hide-title=\"true\" large-arrows=\"false\" arrows-style=\"type-1\" image-size=\"tainacan-medium\" show-collection-header=\"false\" show-collection-label=\"false\" collection-background-color=\"#454647\" collection-text-color=\"#ffffff\" max-items-number=\"12\" max-items-per-screen=\"7\" space-between-items=\"32\" space-around-carousel=\"50\" tainacan-api-root=\"https:\/\/acervosonline.ufpa.br\/index.php\/wp-json\/tainacan\/v2\" tainacan-base-url=\"https:\/\/acervosonline.ufpa.br\/wp-content\/plugins\/tainacan\" id=\"wp-block-tainacan-carousel-items-list_2ecd7ae4-d3c3-4dc3-8733-b881d7e7beec\"><div><\/div><\/div>\n\n\n\n<div class=\"wp-block-group is-nowrap is-layout-flex wp-container-core-group-is-layout-1 wp-block-group-is-layout-flex\"><\/div>\n\n\n\n<div class=\"wp-block-tainacan-facets-list\" data-module=\"facets-list\" metadatum-id=\"110\" metadatum-type=\"Tainacan\\Metadata_Types\\Core_Title\" collection-id=\"105\" collection-slug=\"historia-natural\" show-image=\"false\" name-inside-image=\"false\" show-items-count=\"true\" show-search-bar=\"undefined\" show-load-more=\"false\" image-size=\"tainacan-medium\" append-child-terms=\"false\" link-term-facets-to-term-page=\"true\" layout=\"cloud\" items-count-style=\"default\" cloud-rate=\"1\" grid-margin=\"24\" max-facets-number=\"12\" max-columns-count=\"5\" tainacan-api-root=\"https:\/\/acervosonline.ufpa.br\/index.php\/wp-json\/tainacan\/v2\" tainacan-base-url=\"https:\/\/acervosonline.ufpa.br\/wp-content\/plugins\/tainacan\" tainacan-site-url=\"https:\/\/acervosonline.ufpa.br\" id=\"wp-block-tainacan-facets-list_3d567efd-afa1-438d-8273-9d7dda71bbaf\"><div><\/div><\/div>\n\n\n\n<hr class=\"wp-block-separator has-alpha-channel-opacity\"\/>\n\n\n\n<h2 class=\"wp-block-heading\">Publica\u00e7\u00f5es cient\u00edficas<\/h2>\n\n\n\n<p>Aqui deixamos dispon\u00edveis para voc\u00eas um pedacinho das pesquisas que passaram pela Cole\u00e7\u00e3o de Hist\u00f3ria Natural da Reserva T\u00e9cnica de Museologia.<\/p>\n\n\n\n<div class=\"wp-block-file\"><a id=\"wp-block-file--media-873331ba-92d2-48fa-843e-0fbd264eeed7\" href=\"https:\/\/acervosonline.ufpa.br\/?attachment_id=4515\">SEPULVREDA, Barbara Alves; COSTA, Sue Anne Regina Fereira. Conserva\u00e7\u00e3o do geopatrim\u00f4nio paraense: moluscos f\u00f3sseis resgatados de Primavera-PA. 4\u00ba Semin\u00e1rio Brasileiro de Museologia. Brasilia, 2019.<\/a><a href=\"https:\/\/acervosonline.ufpa.br\/wp-content\/uploads\/2022\/10\/Sebramus-2019-2020_Barbara-2.pdf\" class=\"wp-block-file__button wp-element-button\" download aria-describedby=\"wp-block-file--media-873331ba-92d2-48fa-843e-0fbd264eeed7\">Baixar<\/a><\/div>\n\n\n\n<div class=\"wp-block-file\"><a id=\"wp-block-file--media-19bf134a-cfe9-49e9-b2a8-096340e9ab09\" href=\"https:\/\/acervosonline.ufpa.br\/wp-content\/uploads\/2022\/10\/CBP-2019-4-resumos.pdf\"><br>SEPULVREDA, Barbara A.; MENEZES, F\u00e1bio A. M.; SILVA, Rayana A. S.; FERREIRA, \u00c9rika M.; MAR\u00c7AL, Aymee L. L. COSTA, Sue A. R. F. Moluscos f\u00f3sseis da Forma\u00e7\u00e3o Pira\u00edbas (mioceno), Primavera, Par\u00e1. Boletim de Resumos. XXVI Congresso Brasileiro de Paleontologia. 2019.<\/a><a href=\"https:\/\/acervosonline.ufpa.br\/wp-content\/uploads\/2022\/10\/CBP-2019-4-resumos.pdf\" class=\"wp-block-file__button wp-element-button\" download aria-describedby=\"wp-block-file--media-19bf134a-cfe9-49e9-b2a8-096340e9ab09\">Baixar<\/a><\/div>\n\n\n\n<hr class=\"wp-block-separator has-alpha-channel-opacity\"\/>\n","protected":false},"excerpt":{"rendered":"<p>A conserva\u00e7\u00e3o e divulga\u00e7\u00e3o do patrim\u00f4nio paleontol\u00f3gico s\u00e3o imprescind\u00edveis, uma vez que possibilitam a reconstru\u00e7\u00e3o do passado e reconhecimento da mem\u00f3ria geol\u00f3gica local. Com base nisso, este estudo buscou descrever e compreender o processo de curadoria pelo qual o acervo da Cole\u00e7\u00e3o de Patrim\u00f4nio Natural da Reserva T\u00e9cnica de Museologia da Universidade Federal do Par\u00e1 [&hellip;]<\/p>\n","protected":false},"author":1,"featured_media":0,"parent":0,"menu_order":0,"comment_status":"closed","ping_status":"closed","template":"","meta":{"footnotes":""},"class_list":["post-4489","page","type-page","status-publish","hentry"],"_links":{"self":[{"href":"https:\/\/acervosonline.ufpa.br\/index.php\/wp-json\/wp\/v2\/pages\/4489"}],"collection":[{"href":"https:\/\/acervosonline.ufpa.br\/index.php\/wp-json\/wp\/v2\/pages"}],"about":[{"href":"https:\/\/acervosonline.ufpa.br\/index.php\/wp-json\/wp\/v2\/types\/page"}],"author":[{"embeddable":true,"href":"https:\/\/acervosonline.ufpa.br\/index.php\/wp-json\/wp\/v2\/users\/1"}],"replies":[{"embeddable":true,"href":"https:\/\/acervosonline.ufpa.br\/index.php\/wp-json\/wp\/v2\/comments?post=4489"}],"version-history":[{"count":23,"href":"https:\/\/acervosonline.ufpa.br\/index.php\/wp-json\/wp\/v2\/pages\/4489\/revisions"}],"predecessor-version":[{"id":24184,"href":"https:\/\/acervosonline.ufpa.br\/index.php\/wp-json\/wp\/v2\/pages\/4489\/revisions\/24184"}],"wp:attachment":[{"href":"https:\/\/acervosonline.ufpa.br\/index.php\/wp-json\/wp\/v2\/media?parent=4489"}],"curies":[{"name":"wp","href":"https:\/\/api.w.org\/{rel}","templated":true}]}}